{"id":55,"date":"2017-04-27T19:35:06","date_gmt":"2017-04-27T16:35:06","guid":{"rendered":"http:\/\/aggelisvilla-sifnos.gr\/?page_id=55"},"modified":"2018-06-10T11:03:38","modified_gmt":"2018-06-10T08:03:38","slug":"home","status":"publish","type":"page","link":"https:\/\/aggelisvilla-sifnos.gr\/fr\/","title":{"rendered":"Accueil"},"content":{"rendered":"<p>Bienvenue chez Aggelis Villa!<\/p>\n<div align=\"justify\">Aggelis Villa est une maison familiale situ\u00e9e dans un endroit tr\u00e8s calme et paisible du c\u00f4t\u00e9 nord-est de l&rsquo;\u00eele de Sifnos. La vue imprenable sur la mer \u00c9g\u00e9e depuis la v\u00e9randa vous donne l&rsquo;opportunit\u00e9 de vous d\u00e9tendre et de vous reposer pendant vos vacances. Il y a une chambre de ma\u00eetre avec un grand lit et une autre chambre avec deux lits simples. Les lits simples sont au m\u00eame endroit avec la kitchenette, le cong\u00e9lateur, la chemin\u00e9e et la table \u00e0 manger. De plus, la maison est \u00e9quip\u00e9e d&rsquo;une t\u00e9l\u00e9vision \u00e0 \u00e9cran plat, d&rsquo;un climatiseur, de wifi gratuit, d&rsquo;un s\u00e9choir \u00e0 cheveux, de cintres et d&rsquo;une salle de bains et d&rsquo;un petit d\u00e9jeuner gratuit en self-service. La maison est entour\u00e9e d&rsquo;un petit champ avec des oliviers o\u00f9 les visiteurs peuvent profiter d&rsquo;un pique-nique \u00e0 l&rsquo;aide de la table et des chaises fournies.<\/div>\n<div><\/div>\n<p>Nous vous souhaitons un agr\u00e9able s\u00e9jour!<\/p>","protected":false},"excerpt":{"rendered":"<p>Bienvenue chez Aggelis Villa! Aggelis Villa est une maison familiale situ\u00e9e dans un endroit tr\u00e8s calme et paisible du c\u00f4t\u00e9 nord-est de l&rsquo;\u00eele de Sifnos. La vue imprenable sur la mer \u00c9g\u00e9e depuis la v\u00e9randa vous donne l&rsquo;opportunit\u00e9 de vous&#8230; <\/p>\n","protected":false},"author":4,"featured_media":0,"parent":0,"menu_order":0,"comment_status":"closed","ping_status":"closed","template":"","meta":{"om_disable_all_campaigns":false,"_monsterinsights_skip_tracking":false,"_monsterinsights_sitenote_active":false,"_monsterinsights_sitenote_note":"","_monsterinsights_sitenote_category":0,"footnotes":""},"class_list":["post-55","page","type-page","status-publish","hentry"],"aioseo_notices":[],"_links":{"self":[{"href":"https:\/\/aggelisvilla-sifnos.gr\/fr\/wp-json\/wp\/v2\/pages\/55","targetHints":{"allow":["GET"]}}],"collection":[{"href":"https:\/\/aggelisvilla-sifnos.gr\/fr\/wp-json\/wp\/v2\/pages"}],"about":[{"href":"https:\/\/aggelisvilla-sifnos.gr\/fr\/wp-json\/wp\/v2\/types\/page"}],"author":[{"embeddable":true,"href":"https:\/\/aggelisvilla-sifnos.gr\/fr\/wp-json\/wp\/v2\/users\/4"}],"replies":[{"embeddable":true,"href":"https:\/\/aggelisvilla-sifnos.gr\/fr\/wp-json\/wp\/v2\/comments?post=55"}],"version-history":[{"count":0,"href":"https:\/\/aggelisvilla-sifnos.gr\/fr\/wp-json\/wp\/v2\/pages\/55\/revisions"}],"wp:attachment":[{"href":"https:\/\/aggelisvilla-sifnos.gr\/fr\/wp-json\/wp\/v2\/media?parent=55"}],"curies":[{"name":"wp","href":"https:\/\/api.w.org\/{rel}","templated":true}]}}